{"id":16,"date":"2022-05-13T01:26:57","date_gmt":"2022-05-13T01:26:57","guid":{"rendered":"https:\/\/total.wpexplorer.com\/worship\/?page_id=16"},"modified":"2024-12-27T13:10:15","modified_gmt":"2024-12-27T12:10:15","slug":"homepage","status":"publish","type":"page","link":"https:\/\/www.coltivarsi.org\/","title":{"rendered":"Homepage"},"content":{"rendered":"<div class=\"wpb-content-wrapper\">[vc_row][vc_column]<style>.vcex-image-banner.vcex_69e35f4780ff4{min-height:700px;}.vcex-image-banner.vcex_69e35f4780ff4 .vcex-ib-overlay-bg{background-color:rgba(234,203,178,0.5);}.vcex-image-banner.vcex_69e35f4780ff4 .vcex-ib-title{font-family:Berkshire Swash;font-size:75px;}<\/style><div class=\"vcex-module vcex-image-banner wpex-flex wpex-flex-col wpex-w-100 wpex-justify-center wpex-relative wpex-overflow-hidden wpex-bg-gray-900 wpex-text-white wpex-hover-text-white wpex-text-center wpex-shadow-lg grandezzatesto vcex_69e35f4780ff4\"><span class=\"vcex-ib-img wpex-block wpex-transition-all wpex-duration-500 wpex-bg-cover wpex-absolute wpex-inset-0\" style=\"background-image:url(https:\/\/www.coltivarsi.org\/wp-content\/uploads\/2023\/10\/DSCN2000-1-e1698258011107.jpg);\"><\/span><div class=\"vcex-ib-content-wrap wpex-w-100 wpex-transition-all wpex-duration-500 wpex-relative\"><div class=\"vcex-ib-content wpex-mx-auto\"><h5 class=\"vcex-ib-title wpex-heading wpex-inherit-color-important\">coltivarSi<\/h5><\/div><\/div><\/div><div class=\"vcex-spacing wpex-w-100 wpex-clear\"><\/div>[vc_column_text]\r\n<blockquote>\r\n<div>\r\n<div class=\"xdj266r x11i5rnm xat24cr x1mh8g0r x1vvkbs x126k92a\">\r\n<div dir=\"auto\">\r\n<div>\r\n<p class=\"Corpo\"><span class=\"Nessuno wpex-text-xl\">Assaporate questo istante di silenzio. Riconoscete ci\u00f2 che brilla nel silenzio, nel silenzio del cuore. Come un tabernacolo il vostro cuore custodisce la perla pi\u00f9 preziosa, il fuoco sacro che arde per tutta l\u2019umanit\u00e0. Voi siete qui per riscoprire quel fuoco e per gettarvi in quel fuoco, affinch\u00e9 tutto ci\u00f2 che \u00e8 falso in voi sia ridotto in cenere e rimanga soltanto la vostra pura presenza testimoniante, la vostra pura presenza consapevole. Questa \u00e8 la vostra natura: una presenza pura e perfetta, che non conosce limiti n\u00e9 barriere. <\/span><span class=\"Nessuno\"><span class=\"wpex-text-xl\">Assaporate questo istante di silenzio nel cuore in cui, sola, la vostra presenza risplende come un unico sole, un\u2019unica fiamma divin<\/span>a.<\/span><\/p>\r\n<\/div>\r\n<\/div>\r\n<\/div>\r\n<div class=\"x11i5rnm xat24cr x1mh8g0r x1vvkbs xtlvy1s x126k92a\">\r\n<div dir=\"auto\">\u00a0<\/div>\r\n<\/div>\r\n<\/div>\r\n<p><span class=\"wpex-text-2xl\"><em style=\"font-size: var(--wpex-text-xl); color: var(--wpex-heading-color); font-family: var(--wpex-heading-font-family); letter-spacing: var(--wpex-heading-letter-spacing); text-transform: var(--wpex-heading-text-transform);\"><span class=\"Nessuno\">&#8211; Maestro \u00a023.04.2023<\/span><\/em><\/span><\/p>\r\n<\/blockquote>\r\n[\/vc_column_text][\/vc_column][\/vc_row][vc_row css=&#8221;.vc_custom_1652816091347{padding-top: 3.3vmax !important;}&#8221;][vc_column width=&#8221;1\/2&#8243;]<figure class=\"vcex-image vcex-module textright\"><div class=\"vcex-image-inner wpex-relative wpex-inline-block\"><img width=\"2097\" height=\"951\" src=\"https:\/\/www.coltivarsi.org\/wp-content\/uploads\/2023\/10\/GurdjiDeff.jpg\" class=\"vcex-image-img wpex-align-middle\" alt=\"\" loading=\"lazy\" decoding=\"async\" srcset=\"https:\/\/www.coltivarsi.org\/wp-content\/uploads\/2023\/10\/GurdjiDeff.jpg 2097w, https:\/\/www.coltivarsi.org\/wp-content\/uploads\/2023\/10\/GurdjiDeff-300x136.jpg 300w, https:\/\/www.coltivarsi.org\/wp-content\/uploads\/2023\/10\/GurdjiDeff-1024x464.jpg 1024w, https:\/\/www.coltivarsi.org\/wp-content\/uploads\/2023\/10\/GurdjiDeff-768x348.jpg 768w, https:\/\/www.coltivarsi.org\/wp-content\/uploads\/2023\/10\/GurdjiDeff-1536x697.jpg 1536w, https:\/\/www.coltivarsi.org\/wp-content\/uploads\/2023\/10\/GurdjiDeff-2048x929.jpg 2048w\" sizes=\"auto, (max-width: 2097px) 100vw, 2097px\" \/><\/div><\/figure><style> style=\"height:40px;\"<\/style><div class=\"vcex-spacing wpex-w-100 wpex-clear\" style=\"height:40px;\"><\/div>[\/vc_column][vc_column width=&#8221;1\/2&#8243;][vc_column_text]\r\n<p style=\"text-align: justify;\"><span class=\"wpex-text-md\">Gurdjieff: \u201cVoi non vi rendete conto della vostra situazione. Voi siete in prigione e tutto ci\u00f2 che potete desiderare, se avete del buon senso, \u00e8 di evadere. Ma come evadere? Occorre perforare un muro, scavare una galleria. Un uomo solo non pu\u00f2 fare niente, ma supponete che siano dieci o venti e che lavorino a turno; assistendosi l\u2019un l&#8217;altro, possono finire la galleria ed evadere.\u00a0Inoltre, nessuno pu\u00f2 fuggire dalla prigione senza l&#8217;aiuto di coloro\u00a0<em>che sono gi\u00e0 fuggiti<\/em>. Solo essi possono dire in qual modo l\u2019evasione \u00e8 possibile e far giungere ai prigionieri gli utensili e tutto ci\u00f2 che pu\u00f2 essere necessario. Ma un prigioniero\u00a0<em>isolato\u00a0<\/em>non pu\u00f2 trovare questi uomini liberi o venire in contatto con loro. \u00c8 necessaria una organizzazione. Nulla pu\u00f2 essere portato a compimento senza una organizzazione&#8221;.<\/span><\/p>\r\n<p><span class=\"wpex-text-md\"><!-- \/wp:post-content --><\/span><\/p>\r\n<p style=\"text-align: justify;\"><span class=\"wpex-text-md\"><!-- wp:paragraph -->Ouspensky: \u201cGurdjieff doveva ritornare sovente su questo esempio della &#8216;prigione&#8217; e della &#8216;evasione dalla prigione&#8217;. Era talvolta il punto di partenza di tutto ci\u00f2 che diceva e gli piaceva sottolineare che ogni prigioniero pu\u00f2 trovare un giorno la sua possibilit\u00e0 di evasione, a condizione, beninteso, che egli sappia\u00a0<em>rendersi conto di essere in prigione.\u00a0<\/em>Ma fintanto che non riesce a rendersene conto, fino a quando si crede libero, quale possibilit\u00e0 potr\u00e0 avere?\u201d<\/span><\/p>\r\n<p><span class=\"wpex-text-md\"><!-- \/wp:paragraph --><\/span><\/p>\r\n<p style=\"text-align: justify;\"><span class=\"wpex-text-md\"><!-- wp:paragraph -->(<em>Tratto da &#8220;Frammenti di un insegnamento sconosciuto&#8221; di P.D.Ouspensky<\/em>)<\/span><\/p>\r\n[\/vc_column_text][\/vc_column][\/vc_row][vc_row content_placement=&#8221;middle&#8221; gap=&#8221;35&#8243; remove_bottom_col_margin=&#8221;true&#8221; columns_right=&#8221;yes&#8221;][vc_column width=&#8221;1\/2&#8243;]<figure class=\"vcex-image vcex-module\"><div class=\"vcex-image-inner wpex-relative wpex-inline-block\"><img width=\"1707\" height=\"2560\" src=\"https:\/\/www.coltivarsi.org\/wp-content\/uploads\/2023\/10\/DSC_3679-scaled.jpg\" class=\"vcex-image-img wpex-align-middle\" alt=\"\" loading=\"lazy\" decoding=\"async\" srcset=\"https:\/\/www.coltivarsi.org\/wp-content\/uploads\/2023\/10\/DSC_3679-scaled.jpg 1707w, https:\/\/www.coltivarsi.org\/wp-content\/uploads\/2023\/10\/DSC_3679-200x300.jpg 200w, https:\/\/www.coltivarsi.org\/wp-content\/uploads\/2023\/10\/DSC_3679-683x1024.jpg 683w, https:\/\/www.coltivarsi.org\/wp-content\/uploads\/2023\/10\/DSC_3679-768x1152.jpg 768w, https:\/\/www.coltivarsi.org\/wp-content\/uploads\/2023\/10\/DSC_3679-1024x1536.jpg 1024w, https:\/\/www.coltivarsi.org\/wp-content\/uploads\/2023\/10\/DSC_3679-1365x2048.jpg 1365w\" sizes=\"auto, (max-width: 1707px) 100vw, 1707px\" \/><\/div><\/figure><div class=\"vcex-spacing wpex-w-100 wpex-clear\"><\/div>[\/vc_column][vc_column width=&#8221;1\/2&#8243;]<h2 class=\"vcex-heading vcex-heading-plain vcex-module wpex-heading wpex-text-2xl\"><span class=\"vcex-heading-inner wpex-inline-block\">Il viaggio che stiamo facendo \u00e8 un viaggio nelle vibrazioni<\/span><\/h2>\t<style>.vcex_69e35f47835c8{height:40px;}@media (max-width:767px){.vcex_69e35f47835c8{height:25px;}}<\/style>\n<div class=\"vcex-spacing wpex-w-100 wpex-clear vcex_69e35f47835c8\"><\/div>[vc_column_text]<!-- wp:paragraph --><\/p>\r\n<p style=\"text-align: justify;\"><span class=\"wpex-text-md\">&#8220;Il viaggio che stiamo facendo \u00e8 un viaggio nelle vibrazioni, verso vibrazioni sempre pi\u00f9 alte e sempre pi\u00f9 sottili, sempre pi\u00f9 difficili da udire e da riconoscere perch\u00e9 non ci siete abituati, per questo ci vuole, vi chiedo la vostra attenzione.<\/span><\/p>\r\n<p style=\"text-align: justify;\"><span class=\"wpex-text-md\">La mente \u00e8 tanto chiassosa, fa molto rumore e vi impedisce di ascoltare, vi impedisce di riconoscere. Per questo vi invito a lasciarla andare e a mettere tutta la vostra attenzione nel vostro Cuore, trovare questo silenzio, questo spazio infinito dove tutto inizia.<\/span><\/p>\r\n<p style=\"text-align: justify;\"><span class=\"wpex-text-md\">Siete qui ora, siamo qui ora insieme perch\u00e9 impariate a riconoscere questa vibrazione, \u00e8 questo quello che porterete, \u00e8 questo quello che sar\u00e0 la vostra nuova manifestazione.<\/span><\/p>\r\n<p style=\"text-align: justify;\"><span class=\"wpex-text-md\"><!-- wp:paragraph -->Lascerete dietro di voi il vecchio modo di essere per rimanere in questa vibrazione, questo \u00e8 il vostro compito.&#8221;<\/span><\/p>\r\n<p style=\"text-align: justify;\"><span class=\"wpex-text-md\"><!-- wp:paragraph -->(<em>Messaggio ricevuto da Saulo &#8211; dal piano sottile &#8211; il 20.11.2009<\/em>)<\/span><\/p>\r\n<p><!-- \/wp:paragraph --><br \/><!-- wp:paragraph \/--><\/p>\r\n<p><!-- wp:paragraph \/--><!-- \/wp:paragraph --><!-- \/wp:paragraph -->[\/vc_column_text][\/vc_column][\/vc_row][vc_row][vc_column][vc_column_text][\/vc_column_text][\/vc_column][\/vc_row][vc_row content_placement=&#8221;middle&#8221; gap=&#8221;35&#8243; remove_bottom_col_margin=&#8221;true&#8221;][vc_column width=&#8221;1\/2&#8243;]<figure class=\"vcex-image vcex-module\"><div class=\"vcex-image-inner wpex-relative wpex-inline-block\"><img width=\"1693\" height=\"2560\" src=\"https:\/\/www.coltivarsi.org\/wp-content\/uploads\/2023\/10\/Immagine-Libro-scaled.jpg\" class=\"vcex-image-img wpex-align-middle\" alt=\"\" loading=\"lazy\" decoding=\"async\" srcset=\"https:\/\/www.coltivarsi.org\/wp-content\/uploads\/2023\/10\/Immagine-Libro-scaled.jpg 1693w, https:\/\/www.coltivarsi.org\/wp-content\/uploads\/2023\/10\/Immagine-Libro-198x300.jpg 198w, https:\/\/www.coltivarsi.org\/wp-content\/uploads\/2023\/10\/Immagine-Libro-677x1024.jpg 677w, https:\/\/www.coltivarsi.org\/wp-content\/uploads\/2023\/10\/Immagine-Libro-768x1161.jpg 768w, https:\/\/www.coltivarsi.org\/wp-content\/uploads\/2023\/10\/Immagine-Libro-1016x1536.jpg 1016w, https:\/\/www.coltivarsi.org\/wp-content\/uploads\/2023\/10\/Immagine-Libro-1354x2048.jpg 1354w\" sizes=\"auto, (max-width: 1693px) 100vw, 1693px\" \/><\/div><\/figure><style> style=\"height:40px;\"<\/style><div class=\"vcex-spacing wpex-w-100 wpex-clear visible-phone\" style=\"height:40px;\"><\/div>[\/vc_column][vc_column width=&#8221;1\/2&#8243;]<h2 class=\"vcex-heading vcex-heading-plain vcex-module wpex-heading wpex-text-2xl\"><span class=\"vcex-heading-inner wpex-inline-block\">Non c\u2019\u00e8 altro, n\u00e9 spazio, n\u00e9 tempo che non sia quello presente<\/span><\/h2>\t<style>.vcex_69e35f4783eb4{height:40px;}@media (max-width:767px){.vcex_69e35f4783eb4{height:25px;}}<\/style>\n<div class=\"vcex-spacing wpex-w-100 wpex-clear vcex_69e35f4783eb4\"><\/div>[vc_column_text]\r\n<p style=\"text-align: justify;\"><!-- wp:paragraph --><span class=\"wpex-text-md\">&#8220;Non c\u2019\u00e8 altro, n\u00e9 spazio, n\u00e9 tempo che non sia quello presente.<\/span><br \/><span class=\"wpex-text-md\">Rimanete ancorati con tutte le vostre forze a questo piccolo istante che ora \u00e8. Questo vi porter\u00e0 ad entrare in una dimensione che ancora non conoscete anche se avete cominciato ad assaporarla qualche volta.<\/span><\/p>\r\n<p style=\"text-align: justify;\"><span class=\"wpex-text-md\">Immaginate che ogni momento sia il varco per penetrare in un\u2019altra dimensione, \u00e8 come se fosse una piccola apertura che si crea nello spazio che vi circonda ed \u00e8 l\u2019ingresso ad un mondo pi\u00f9 ampio di quello che sperimentate normalmente nella vostra vita.<\/span><\/p>\r\n<p style=\"text-align: justify;\"><span class=\"wpex-text-md\">Immaginate di dover passare attraverso un piccolo foro, attraverso una piccola apertura e che questa apertura sia la via di uscita dalla vostra prigione.<\/span><br \/><span class=\"wpex-text-md\">Quel piccolo foro \u00e8 il momento presente: \u00e8 questa l\u2019unica possibilit\u00e0 che c\u2019\u00e8 per riuscire a evadere dalla vostra prigione.<\/span><br \/><span class=\"wpex-text-md\">Quello che vi aspetta \u00e8 lo spazio infinito dell\u2019eternit\u00e0.&#8221;<\/span><br \/><span class=\"wpex-text-md\"><em><br \/>(Messaggio ricevuto da Saulo &#8211; dal piano sottile &#8211; il 11.3.2009<\/em>)<\/span><\/p>\r\n<p><!-- \/wp:paragraph -->[\/vc_column_text]\t<style>.vcex_69e35f4783f26{height:40px;}@media (max-width:767px){.vcex_69e35f4783f26{height:25px;}}<\/style>\n<div class=\"vcex-spacing wpex-w-100 wpex-clear vcex_69e35f4783f26\"><\/div>[\/vc_column][\/vc_row][vc_row remove_bottom_col_margin=&#8221;true&#8221;][vc_column]<div class=\"wpex-template-shortcode\">[vc_row][vc_column]<style> style=\"height:6vmax;\"<\/style><div class=\"vcex-spacing wpex-w-100 wpex-clear\" style=\"height:6vmax;\"><\/div>[\/vc_column][\/vc_row]\n<\/div><div class=\"vcex-spacing wpex-w-100 wpex-clear\"><\/div>[\/vc_column][\/vc_row][vc_row][vc_column width=&#8221;1\/3&#8243;][vc_column_text]\r\n<h5 style=\"text-align: justify;\">&#8220;Tu ti identifichi con il tuo corpo ma in verit\u00e0 sei incorporeo, senza forma. Fa solo ci\u00f2 che ti dico. Tutte le tue domande provengono dall&#8217;identificazione con il corpo-forma. Dovresti dirigerti all\u2019interno. Tutte le speranze e i desideri dovrebbero essere per il S\u00e9. Dovresti desiderare ardentemente solo il S\u00e9.&#8221;<\/h5>\r\n<h5 style=\"text-align: right;\">Nisargadatta Maharaj<\/h5>\r\n[\/vc_column_text][\/vc_column][vc_column width=&#8221;1\/3&#8243;][vc_column_text][\/vc_column_text]<figure class=\"vcex-image vcex-module\"><div class=\"vcex-image-inner wpex-relative wpex-inline-block\"><img width=\"750\" height=\"450\" src=\"https:\/\/www.coltivarsi.org\/wp-content\/uploads\/2023\/10\/Ramana-Maharshi-Nisargadatta-Maharaj-quotes-commentaries.jpg\" class=\"vcex-image-img wpex-align-middle wpex-aspect-4-3 wpex-object-cover\" alt=\"\" loading=\"lazy\" decoding=\"async\" srcset=\"https:\/\/www.coltivarsi.org\/wp-content\/uploads\/2023\/10\/Ramana-Maharshi-Nisargadatta-Maharaj-quotes-commentaries.jpg 750w, https:\/\/www.coltivarsi.org\/wp-content\/uploads\/2023\/10\/Ramana-Maharshi-Nisargadatta-Maharaj-quotes-commentaries-300x180.jpg 300w\" sizes=\"auto, (max-width: 750px) 100vw, 750px\" \/><\/div><\/figure>[\/vc_column][vc_column width=&#8221;1\/3&#8243;][vc_column_text]\r\n<h5 style=\"text-align: justify;\">&#8220;Non appena si cessa di pensare di essere una persona individuale, che abita un particolare corpo, l&#8217;intera sovrastruttura di idee errate crolla e viene sostituita da una consapevolezza cosciente e permanente del S\u00e9 reale. Tu sei gi\u00e0 il S\u00e9, sei gi\u00e0 quello.&#8221;<\/h5>\r\n<h5>Ramana Maharshi<\/h5>\r\n[\/vc_column_text][\/vc_column][\/vc_row][vc_row][vc_column]<div class=\"vcex-spacing wpex-w-100 wpex-clear\"><\/div><div class=\"vcex-spacing wpex-w-100 wpex-clear\"><\/div>[vc_column_text][\/vc_column_text]<figure class=\"vcex-image vcex-module\"><div class=\"vcex-image-inner wpex-relative wpex-inline-block\"><img width=\"2560\" height=\"630\" src=\"https:\/\/www.coltivarsi.org\/wp-content\/uploads\/2023\/10\/IMG_0449-scaled.jpg\" class=\"vcex-image-img wpex-align-middle\" alt=\"\" loading=\"lazy\" decoding=\"async\" srcset=\"https:\/\/www.coltivarsi.org\/wp-content\/uploads\/2023\/10\/IMG_0449-scaled.jpg 2560w, https:\/\/www.coltivarsi.org\/wp-content\/uploads\/2023\/10\/IMG_0449-300x74.jpg 300w, https:\/\/www.coltivarsi.org\/wp-content\/uploads\/2023\/10\/IMG_0449-1024x252.jpg 1024w, https:\/\/www.coltivarsi.org\/wp-content\/uploads\/2023\/10\/IMG_0449-768x189.jpg 768w, https:\/\/www.coltivarsi.org\/wp-content\/uploads\/2023\/10\/IMG_0449-1536x378.jpg 1536w, https:\/\/www.coltivarsi.org\/wp-content\/uploads\/2023\/10\/IMG_0449-2048x504.jpg 2048w\" sizes=\"auto, (max-width: 2560px) 100vw, 2560px\" \/><\/div><\/figure><div class=\"vcex-spacing wpex-w-100 wpex-clear\"><\/div><div class=\"vcex-spacing wpex-w-100 wpex-clear\"><\/div>[vc_column_text]\r\n<p style=\"text-align: justify;\"><span class=\"wpex-text-lg\"><span class=\"dropcap\">Le<\/span> forze superiori, il cui compito \u00e8 quello di risvegliare l\u2019uomo, dal 2009 ci stanno trasmettendo un insegnamento che ora cerchiamo di diffondere. Siamo un gruppo di persone e ci incontriamo settimanalmente sull\u2019Appennino Bolognese, nei pressi di Lizzano in Belvedere, per ascoltare i loro nuovi messaggi e per cercare di metterli in pratica nella vita quotidiana. Periodicamente organizziamo degli incontri di presentazione per coloro che sono interessati a conoscere l\u2019insegnamento e i messaggi ricevuti.<\/span><\/p>\r\n[\/vc_column_text]<div class=\"vcex-spacing wpex-w-100 wpex-clear\"><\/div><div class=\"vcex-spacing wpex-w-100 wpex-clear\"><\/div>[\/vc_column][\/vc_row][vc_row full_width=&#8221;stretch_row&#8221; remove_bottom_col_margin=&#8221;true&#8221; css=&#8221;.vc_custom_1652816352931{background-color: #d8cac0 !important;}&#8221;][vc_column width=&#8221;1\/2&#8243;]<style>.vcex-image.vcex_69e35f4785675 .vcex-image-inner{max-width:413px;}.vcex-image.vcex_69e35f4785675 .vcex-image-img{height:413px;}<\/style><figure class=\"vcex-image vcex-module textleft vcex_69e35f4785675\"><div class=\"vcex-image-inner wpex-relative wpex-inline-block\"><img width=\"2480\" height=\"2480\" src=\"https:\/\/www.coltivarsi.org\/wp-content\/uploads\/2024\/05\/DEF18giugno24.jpg\" class=\"vcex-image-img wpex-align-middle wpex-object-scale-down\" alt=\"\" loading=\"lazy\" decoding=\"async\" srcset=\"https:\/\/www.coltivarsi.org\/wp-content\/uploads\/2024\/05\/DEF18giugno24.jpg 2480w, https:\/\/www.coltivarsi.org\/wp-content\/uploads\/2024\/05\/DEF18giugno24-300x300.jpg 300w, https:\/\/www.coltivarsi.org\/wp-content\/uploads\/2024\/05\/DEF18giugno24-1024x1024.jpg 1024w, https:\/\/www.coltivarsi.org\/wp-content\/uploads\/2024\/05\/DEF18giugno24-150x150.jpg 150w, https:\/\/www.coltivarsi.org\/wp-content\/uploads\/2024\/05\/DEF18giugno24-768x768.jpg 768w, https:\/\/www.coltivarsi.org\/wp-content\/uploads\/2024\/05\/DEF18giugno24-1536x1536.jpg 1536w, https:\/\/www.coltivarsi.org\/wp-content\/uploads\/2024\/05\/DEF18giugno24-2048x2048.jpg 2048w\" sizes=\"auto, (max-width: 2480px) 100vw, 2480px\" \/><\/div><\/figure>[\/vc_column][vc_column width=&#8221;1\/2&#8243;]<figure class=\"vcex-image vcex-module textright\"><div class=\"vcex-image-inner wpex-relative wpex-inline-block\"><img width=\"1024\" height=\"683\" src=\"https:\/\/www.coltivarsi.org\/wp-content\/uploads\/2023\/10\/DSC_2073-1024x683-1.jpg\" class=\"vcex-image-img wpex-align-middle wpex-shadow-none\" alt=\"\" loading=\"lazy\" decoding=\"async\" srcset=\"https:\/\/www.coltivarsi.org\/wp-content\/uploads\/2023\/10\/DSC_2073-1024x683-1.jpg 1024w, https:\/\/www.coltivarsi.org\/wp-content\/uploads\/2023\/10\/DSC_2073-1024x683-1-300x200.jpg 300w, https:\/\/www.coltivarsi.org\/wp-content\/uploads\/2023\/10\/DSC_2073-1024x683-1-768x512.jpg 768w\" sizes=\"auto, (max-width: 1024px) 100vw, 1024px\" \/><\/div><\/figure>[\/vc_column][\/vc_row][vc_row][vc_column][vc_row_inner][vc_column_inner][\/vc_column_inner][\/vc_row_inner]<style> style=\"height:50px;\"<\/style><div class=\"vcex-spacing wpex-w-100 wpex-clear\" style=\"height:50px;\"><\/div><style>.vcex-contact-form.vcex_69e35f47863cf .vcex-contact-form__submit{font-size:var(--wpex-text-md);}<\/style><div class=\"vcex-contact-form vcex_69e35f47863cf\" data-ajaxurl=\"https:\/\/www.coltivarsi.org\/wp-admin\/admin-ajax.php\" data-notice-success=\"Thank you for the message. We will respond as soon as possible.\" data-notice-error=\"Some errors occurred.\" data-recaptcha=\"\" data-nonce=\"57e11db5c8\"><form class=\"vcex-contact-form__form\"><div class=\"vcex-contact-form__fields wpex-mb-15 wpex-flex wpex-gap-20 wpex-flex-wrap\"><div class=\"vcex-contact-form__name wpex-flex-grow\"><label class=\"vcex-contact-form__label wpex-block wpex-mb-5 wpex-font-semibold\" for=\"vcex-contact-form__69e35f478653d-name\">Il tuo nome<sup class=\"vcex-contact-form__required\">*<\/sup><\/label><input class=\"vcex-contact-form__input wpex-w-100\" type=\"text\" id=\"vcex-contact-form__69e35f478653d-name\" name=\"vcex_cf_name\" required><\/div><div class=\"vcex-contact-form__email wpex-flex-grow\"><label class=\"vcex-contact-form__label wpex-block wpex-mb-5 wpex-font-semibold\" for=\"vcex-contact-form__69e35f478653d-email\">La tua Email<sup class=\"vcex-contact-form__required\">*<\/sup><\/label><input class=\"vcex-contact-form__input wpex-w-100\" type=\"email\" id=\"vcex-contact-form__69e35f478653d-email\" name=\"vcex_cf_email\" required><\/div><\/div><div class=\"vcex-contact-form__message wpex-mb-15\"><label class=\"vcex-contact-form__label wpex-block wpex-mb-5 wpex-font-semibold\" for=\"vcex-contact-form__69e35f478653d-message\">Messaggio<\/label><textarea rows=\"8\" class=\"vcex-contact-form__textarea wpex-align-top wpex-w-100\" id=\"vcex-contact-form__69e35f478653d-message\" name=\"vcex_cf_message\" required><\/textarea><\/div><div class=\"vcex-contact-form__privacy wpex-flex wpex-items-center wpex-gap-5 wpex-mb-15\"><input type=\"checkbox\" class=\"vcex-contact-form__checkbox\" id=\"vcex-contact-form__69e35f478653d-privacy\" name=\"vcex_cf_privacy\" required><label class=\"vcex-contact-form__label wpex-block wpex-font-semibold\" for=\"vcex-contact-form__69e35f478653d-privacy\">I agree with the <a href=\"https:\/\/www.coltivarsi.org\/?page_id=3\" target=\"_blank\" rel=\"noopener noreferrer\">Privacy Policy<\/a>.<\/label><\/div><button class=\"vcex-contact-form__submit vcex-contact-form__submit--full theme-button\">Contattaci<\/button><div class=\"vcex-contact-form__spinner wpex-mt-15 wpex-hidden\"><svg height=\"20\" width=\"20\" viewBox=\"0 0 36 36\" xmlns=\"http:\/\/www.w3.org\/2000\/svg\"><circle cx=\"18\" cy=\"18\" r=\"18\" fill=\"#a2a2a2\" fill-opacity=\".5\"\/><circle cx=\"18\" cy=\"8\" r=\"4\" fill=\"#fff\"><animateTransform attributeName=\"transform\" dur=\"1100ms\" from=\"0 18 18\" repeatCount=\"indefinite\" to=\"360 18 18\" type=\"rotate\"\/><\/circle><\/svg><\/div><div class=\"vcex-contact-form__notice wpex-hidden wpex-alert wpex-mt-15 wpex-mb-0\"><\/div><\/form><div class=\"vcex-contact-form__overlay wpex-hidden\"><\/div><\/div>[vc_column_text][\/vc_column_text]<style> style=\"height:50px;\"<\/style><div class=\"vcex-spacing wpex-w-100 wpex-clear\" style=\"height:50px;\"><\/div><div class=\"vcex-icon vcex-module vcex-icon-normal wpex-text-center wpex-mb-0\"><a href=\"https:\/\/www.facebook.com\/profile.php?id=61553815920353\" class=\"vcex-icon-link wpex-no-underline\"><div class=\"vcex-icon-wrap wpex-inline-flex wpex-items-center wpex-justify-center wpex-leading-none\"><span aria-hidden=\"true\" class=\"vc-mono vc-mono-facebook\"><\/span><\/div><\/a><\/div>[vc_column_text]\r\n<p style=\"text-align: center;\"><span class=\"wpex-text-lg\"><a href=\"https:\/\/www.facebook.com\/profile.php?id=61553815920353\">Facebook<\/a><\/span><\/p>\r\n[\/vc_column_text][\/vc_column][\/vc_row]<\/div>","protected":false},"excerpt":{"rendered":"<p>[vc_row][vc_column][vc_column_text] Assaporate questo istante di silenzio. Riconoscete ci\u00f2 che brilla nel silenzio, nel silenzio del cuore. Come un tabernacolo il vostro cuore custodisce la perla pi\u00f9 preziosa, il fuoco sacro che arde per tutta l\u2019umanit\u00e0. Voi siete qui per riscoprire quel fuoco e per gettarvi in quel fuoco, affinch\u00e9 tutto ci\u00f2 che \u00e8 falso in&hellip;<\/p>\n","protected":false},"author":2,"featured_media":302,"parent":0,"menu_order":0,"comment_status":"closed","ping_status":"closed","template":"","meta":{"_seopress_robots_primary_cat":"","footnotes":""},"class_list":["post-16","page","type-page","status-publish","has-post-thumbnail","hentry","entry","has-media"],"_links":{"self":[{"href":"https:\/\/www.coltivarsi.org\/index.php\/wp-json\/wp\/v2\/pages\/16","targetHints":{"allow":["GET"]}}],"collection":[{"href":"https:\/\/www.coltivarsi.org\/index.php\/wp-json\/wp\/v2\/pages"}],"about":[{"href":"https:\/\/www.coltivarsi.org\/index.php\/wp-json\/wp\/v2\/types\/page"}],"author":[{"embeddable":true,"href":"https:\/\/www.coltivarsi.org\/index.php\/wp-json\/wp\/v2\/users\/2"}],"replies":[{"embeddable":true,"href":"https:\/\/www.coltivarsi.org\/index.php\/wp-json\/wp\/v2\/comments?post=16"}],"version-history":[{"count":250,"href":"https:\/\/www.coltivarsi.org\/index.php\/wp-json\/wp\/v2\/pages\/16\/revisions"}],"predecessor-version":[{"id":585,"href":"https:\/\/www.coltivarsi.org\/index.php\/wp-json\/wp\/v2\/pages\/16\/revisions\/585"}],"wp:featuredmedia":[{"embeddable":true,"href":"https:\/\/www.coltivarsi.org\/index.php\/wp-json\/wp\/v2\/media\/302"}],"wp:attachment":[{"href":"https:\/\/www.coltivarsi.org\/index.php\/wp-json\/wp\/v2\/media?parent=16"}],"curies":[{"name":"wp","href":"https:\/\/api.w.org\/{rel}","templated":true}]}}